{"id":4278,"date":"2022-03-30T14:37:29","date_gmt":"2022-03-30T17:37:29","guid":{"rendered":"http:\/\/giacomini.ar\/?post_type=product&#038;p=4278"},"modified":"2022-03-30T14:38:48","modified_gmt":"2022-03-30T17:38:48","slug":"valvula-de-zona-diversora-1","status":"publish","type":"product","link":"https:\/\/giacomini.ar\/bk\/producto\/valvula-de-zona-diversora-1\/","title":{"rendered":"V\u00e1lvula de zona diversora 1&#8243;"},"content":{"rendered":"<p><strong>C\u00f3digo: R279DY025<\/strong><\/p>\n<p>V\u00e1lvula de zona a esfera de tres v\u00edas, motorizable, conexi\u00f3n hembra<\/p>\n<p>Medida 1&#8243;<\/p>\n<p>&nbsp;<\/p>\n<p><strong>Informaci\u00f3n T\u00e9cnica\u00a0 &#8211; <a href=\"http:\/\/giacomini.ar\/wp-content\/uploads\/2022\/03\/R279D.pdf\">Descargar<\/a><\/strong><\/p>\n<a href=\"https:\/\/giacomini.ar\/wp-content\/uploads\/2022\/03\/R279D.pdf\" class=\"pdfemb-viewer\" style=\"\" data-width=\"max\" data-height=\"max\" data-toolbar=\"bottom\" data-toolbar-fixed=\"off\">R279D<\/a>\n","protected":false},"excerpt":{"rendered":"<p>&nbsp;<\/p>\n<p><strong>C\u00f3digo: R279DY025<\/strong><\/p>\n<p>V\u00e1lvula de zona a esfera de tres v\u00edas, motorizable, conexi\u00f3n hembra<\/p>\n<p>Medida 1&#8243;<\/p>\n","protected":false},"featured_media":4277,"template":"","meta":[],"product_brand":[],"product_cat":[15,118,79],"product_tag":[292,85,297,116],"class_list":{"0":"post-4278","1":"product","2":"type-product","3":"status-publish","4":"has-post-thumbnail","6":"product_cat-accesorios","7":"product_cat-giacoqest","8":"product_cat-giacotherm","9":"product_tag-accesorios","10":"product_tag-giacotherm","11":"product_tag-r279dy025","12":"product_tag-sistemas-radiantes","14":"first","15":"instock","16":"shipping-taxable","17":"purchasable","18":"product-type-simple"},"_links":{"self":[{"href":"https:\/\/giacomini.ar\/bk\/wp-json\/wp\/v2\/product\/4278","targetHints":{"allow":["GET"]}}],"collection":[{"href":"https:\/\/giacomini.ar\/bk\/wp-json\/wp\/v2\/product"}],"about":[{"href":"https:\/\/giacomini.ar\/bk\/wp-json\/wp\/v2\/types\/product"}],"wp:featuredmedia":[{"embeddable":true,"href":"https:\/\/giacomini.ar\/bk\/wp-json\/wp\/v2\/media\/4277"}],"wp:attachment":[{"href":"https:\/\/giacomini.ar\/bk\/wp-json\/wp\/v2\/media?parent=4278"}],"wp:term":[{"taxonomy":"product_brand","embeddable":true,"href":"https:\/\/giacomini.ar\/bk\/wp-json\/wp\/v2\/product_brand?post=4278"},{"taxonomy":"product_cat","embeddable":true,"href":"https:\/\/giacomini.ar\/bk\/wp-json\/wp\/v2\/product_cat?post=4278"},{"taxonomy":"product_tag","embeddable":true,"href":"https:\/\/giacomini.ar\/bk\/wp-json\/wp\/v2\/product_tag?post=4278"}],"curies":[{"name":"wp","href":"https:\/\/api.w.org\/{rel}","templated":true}]}}