{"id":4240,"date":"2022-03-30T13:19:39","date_gmt":"2022-03-30T16:19:39","guid":{"rendered":"http:\/\/giacomini.ar\/?post_type=product&#038;p=4240"},"modified":"2022-03-30T13:29:36","modified_gmt":"2022-03-30T16:29:36","slug":"protector-universal-para-instalaciones","status":"publish","type":"product","link":"https:\/\/giacomini.ar\/bk\/producto\/protector-universal-para-instalaciones\/","title":{"rendered":"Protector universal para instalaciones"},"content":{"rendered":"<p><strong>C\u00f3digo: K375Y021<\/strong><\/p>\n<p>L\u00edquido protecci\u00f3n K375 1L.<\/p>\n<p>L\u00edquido protector para sistemas radiantes. Capaz de evitar la formaci\u00f3n de dep\u00f3sitos de piedra caliza, para evitar la corrosi\u00f3n de sistemas y tuber\u00edas. Es una mezcla de sustancias capaces de proteger tanto materiales ferrosos como no ferrosos.<\/p>\n<p>&nbsp;<\/p>\n<p><strong>Informaci\u00f3n T\u00e9cnica\u00a0 &#8211; <a href=\"http:\/\/giacomini.ar\/wp-content\/uploads\/2022\/03\/K375Y021.pdf\">Descargar<\/a><\/strong><\/p>\n<a href=\"https:\/\/giacomini.ar\/wp-content\/uploads\/2022\/03\/K375Y021.pdf\" class=\"pdfemb-viewer\" style=\"\" data-width=\"max\" data-height=\"max\" data-toolbar=\"bottom\" data-toolbar-fixed=\"off\">K375Y021<\/a>\n<p>&nbsp;<\/p>\n","protected":false},"excerpt":{"rendered":"<p>&nbsp;<\/p>\n<p><strong>C\u00f3digo: K375Y021<\/strong><\/p>\n<p>L\u00edquido protecci\u00f3n K375 1L.<\/p>\n","protected":false},"featured_media":4242,"template":"","meta":[],"product_brand":[],"product_cat":[112,79],"product_tag":[115,85,276,117,114,116],"class_list":{"0":"post-4240","1":"product","2":"type-product","3":"status-publish","4":"has-post-thumbnail","6":"product_cat-aditivos","7":"product_cat-giacotherm","8":"product_tag-aditivo-protector","9":"product_tag-giacotherm","10":"product_tag-k375y021","11":"product_tag-liquido-anti-incrustante-1l","12":"product_tag-liquido-proteccion-k375","13":"product_tag-sistemas-radiantes","15":"first","16":"instock","17":"shipping-taxable","18":"purchasable","19":"product-type-simple"},"_links":{"self":[{"href":"https:\/\/giacomini.ar\/bk\/wp-json\/wp\/v2\/product\/4240","targetHints":{"allow":["GET"]}}],"collection":[{"href":"https:\/\/giacomini.ar\/bk\/wp-json\/wp\/v2\/product"}],"about":[{"href":"https:\/\/giacomini.ar\/bk\/wp-json\/wp\/v2\/types\/product"}],"wp:featuredmedia":[{"embeddable":true,"href":"https:\/\/giacomini.ar\/bk\/wp-json\/wp\/v2\/media\/4242"}],"wp:attachment":[{"href":"https:\/\/giacomini.ar\/bk\/wp-json\/wp\/v2\/media?parent=4240"}],"wp:term":[{"taxonomy":"product_brand","embeddable":true,"href":"https:\/\/giacomini.ar\/bk\/wp-json\/wp\/v2\/product_brand?post=4240"},{"taxonomy":"product_cat","embeddable":true,"href":"https:\/\/giacomini.ar\/bk\/wp-json\/wp\/v2\/product_cat?post=4240"},{"taxonomy":"product_tag","embeddable":true,"href":"https:\/\/giacomini.ar\/bk\/wp-json\/wp\/v2\/product_tag?post=4240"}],"curies":[{"name":"wp","href":"https:\/\/api.w.org\/{rel}","templated":true}]}}