{"id":3793,"date":"2021-07-30T18:02:23","date_gmt":"2021-07-30T21:02:23","guid":{"rendered":"http:\/\/giacomini.ar\/?post_type=product&#038;p=3793"},"modified":"2022-03-30T10:51:49","modified_gmt":"2022-03-30T13:51:49","slug":"valvulas-de-zona-2-vias-termoestatizable","status":"publish","type":"product","link":"https:\/\/giacomini.ar\/bk\/producto\/valvulas-de-zona-2-vias-termoestatizable\/","title":{"rendered":"V\u00e1lvulas de zona &#8211; 2 v\u00edas &#8211; Termoestatizable"},"content":{"rendered":"<p><strong>C\u00f3digo: R291Y005<\/strong><\/p>\n<p>V\u00e1lvulas de zona &#8211; 2 v\u00edas &#8211; Termoestatizable<\/p>\n<p>Medida: 1&#8243;<\/p>\n<p>V\u00e1lvula de zona a esfera, de dos v\u00edas, para control con cabezal electrot\u00e9rmico.<br \/>\nConexiones macho con enlace.<br \/>\nTemperatura m\u00e1xima de trabajo 110\u00b0C.<br \/>\nPresi\u00f3n m\u00e1xima de trabajo 10bar.<\/p>\n<p>&nbsp;<\/p>\n<p><strong>Informaci\u00f3n T\u00e9cnica\u00a0 &#8211; <a href=\"http:\/\/giacomini.ar\/wp-content\/uploads\/2021\/07\/R291.pdf\">Descargar<\/a><\/strong><\/p>\n<a href=\"https:\/\/giacomini.ar\/wp-content\/uploads\/2021\/07\/R291.pdf\" class=\"pdfemb-viewer\" style=\"\" data-width=\"max\" data-height=\"max\" data-toolbar=\"bottom\" data-toolbar-fixed=\"off\">R291<\/a>\n<p>&nbsp;<\/p>\n","protected":false},"excerpt":{"rendered":"<p>&nbsp;<\/p>\n<p><strong>C\u00f3digo: R291Y005<\/strong><\/p>\n<p>V\u00e1lvulas de zona &#8211; 2 v\u00edas &#8211; Termoestatizable<\/p>\n<p>Medida: 1&#8243;<\/p>\n","protected":false},"featured_media":3706,"template":"","meta":[],"product_brand":[],"product_cat":[79,80],"product_tag":[85,84,180],"class_list":{"0":"post-3793","1":"product","2":"type-product","3":"status-publish","4":"has-post-thumbnail","6":"product_cat-giacotherm","7":"product_cat-valvulas","8":"product_tag-giacotherm","9":"product_tag-piso-radiante","10":"product_tag-r291y005","12":"first","13":"instock","14":"shipping-taxable","15":"purchasable","16":"product-type-simple"},"_links":{"self":[{"href":"https:\/\/giacomini.ar\/bk\/wp-json\/wp\/v2\/product\/3793","targetHints":{"allow":["GET"]}}],"collection":[{"href":"https:\/\/giacomini.ar\/bk\/wp-json\/wp\/v2\/product"}],"about":[{"href":"https:\/\/giacomini.ar\/bk\/wp-json\/wp\/v2\/types\/product"}],"wp:featuredmedia":[{"embeddable":true,"href":"https:\/\/giacomini.ar\/bk\/wp-json\/wp\/v2\/media\/3706"}],"wp:attachment":[{"href":"https:\/\/giacomini.ar\/bk\/wp-json\/wp\/v2\/media?parent=3793"}],"wp:term":[{"taxonomy":"product_brand","embeddable":true,"href":"https:\/\/giacomini.ar\/bk\/wp-json\/wp\/v2\/product_brand?post=3793"},{"taxonomy":"product_cat","embeddable":true,"href":"https:\/\/giacomini.ar\/bk\/wp-json\/wp\/v2\/product_cat?post=3793"},{"taxonomy":"product_tag","embeddable":true,"href":"https:\/\/giacomini.ar\/bk\/wp-json\/wp\/v2\/product_tag?post=3793"}],"curies":[{"name":"wp","href":"https:\/\/api.w.org\/{rel}","templated":true}]}}