{"id":3791,"date":"2021-07-30T17:53:36","date_gmt":"2021-07-30T20:53:36","guid":{"rendered":"http:\/\/giacomini.ar\/?post_type=product&#038;p=3791"},"modified":"2022-03-30T11:10:38","modified_gmt":"2022-03-30T14:10:38","slug":"valvula-mezcladora-termostaticas-regulacion","status":"publish","type":"product","link":"https:\/\/giacomini.ar\/bk\/producto\/valvula-mezcladora-termostaticas-regulacion\/","title":{"rendered":"V\u00e1lvula Mezcladora Termost\u00e1ticas &#8211; Regulaci\u00f3n"},"content":{"rendered":"<p><strong>C\u00f3digo: R156X004<\/strong><\/p>\n<p>V\u00e1lvula Mezcladora Termost\u00e1ticas &#8211; Regulaci\u00f3n<\/p>\n<p>R156X004\/\u00a0 Regulaci\u00f3n x 2,0 Kv\u00a0 \/\u00a0 Medida: 3\/4\u201d<\/p>\n<p>R156X005 \/\u00a0 Regulaci\u00f3n 2,2 Kv \/\u00a0 Medida: 1<\/p>\n<p>Mezclador termost\u00e1tico regulable para instalaciones sanitarias. Acabado cromado.<br \/>\nConexiones hembra.<br \/>\nBulbo termost\u00e1tico a cera.<br \/>\nRegul aci\u00f3n de temperatura 38\u00f760\u00baC.<br \/>\nTemperatura m\u00e1xima de trabajo 100\u00baC.<br \/>\nPresi\u00f3n m\u00e1xima de trabajo 16bar.<br \/>\nConforme a Normativa A.S.S.E 101 7.<\/p>\n<p>&nbsp;<\/p>\n<p><strong>Informaci\u00f3n T\u00e9cnica\u00a0 &#8211; <a href=\"http:\/\/giacomini.ar\/wp-content\/uploads\/2021\/07\/R156.pdf\">Descargar<\/a><\/strong><\/p>\n<a href=\"https:\/\/giacomini.ar\/wp-content\/uploads\/2021\/07\/R156.pdf\" class=\"pdfemb-viewer\" style=\"\" data-width=\"max\" data-height=\"max\" data-toolbar=\"bottom\" data-toolbar-fixed=\"off\">R156<\/a>\n","protected":false},"excerpt":{"rendered":"<p>&nbsp;<\/p>\n<p><strong>C\u00f3digo: R156X004<\/strong><\/p>\n<p>V\u00e1lvula Mezcladora Termost\u00e1ticas &#8211; Regulaci\u00f3n<\/p>\n<p>R156X004\/\u00a0 Regulaci\u00f3n x 2,0 Kv\u00a0 \/\u00a0 Medida: 3\/4\u201d<\/p>\n<p>R156X005 \/\u00a0 Regulaci\u00f3n 2,2 Kv \/\u00a0 Medida: 1<\/p>\n","protected":false},"featured_media":3699,"template":"","meta":[],"product_brand":[],"product_cat":[79,80],"product_tag":[85,84,179],"class_list":{"0":"post-3791","1":"product","2":"type-product","3":"status-publish","4":"has-post-thumbnail","6":"product_cat-giacotherm","7":"product_cat-valvulas","8":"product_tag-giacotherm","9":"product_tag-piso-radiante","10":"product_tag-r156x004","12":"first","13":"instock","14":"shipping-taxable","15":"purchasable","16":"product-type-simple"},"_links":{"self":[{"href":"https:\/\/giacomini.ar\/bk\/wp-json\/wp\/v2\/product\/3791","targetHints":{"allow":["GET"]}}],"collection":[{"href":"https:\/\/giacomini.ar\/bk\/wp-json\/wp\/v2\/product"}],"about":[{"href":"https:\/\/giacomini.ar\/bk\/wp-json\/wp\/v2\/types\/product"}],"wp:featuredmedia":[{"embeddable":true,"href":"https:\/\/giacomini.ar\/bk\/wp-json\/wp\/v2\/media\/3699"}],"wp:attachment":[{"href":"https:\/\/giacomini.ar\/bk\/wp-json\/wp\/v2\/media?parent=3791"}],"wp:term":[{"taxonomy":"product_brand","embeddable":true,"href":"https:\/\/giacomini.ar\/bk\/wp-json\/wp\/v2\/product_brand?post=3791"},{"taxonomy":"product_cat","embeddable":true,"href":"https:\/\/giacomini.ar\/bk\/wp-json\/wp\/v2\/product_cat?post=3791"},{"taxonomy":"product_tag","embeddable":true,"href":"https:\/\/giacomini.ar\/bk\/wp-json\/wp\/v2\/product_tag?post=3791"}],"curies":[{"name":"wp","href":"https:\/\/api.w.org\/{rel}","templated":true}]}}