{"id":3785,"date":"2021-07-30T17:37:41","date_gmt":"2021-07-30T20:37:41","guid":{"rendered":"http:\/\/giacomini.ar\/?post_type=product&#038;p=3785"},"modified":"2022-03-30T11:18:20","modified_gmt":"2022-03-30T14:18:20","slug":"cabezales-termostaticos-electrico-na","status":"publish","type":"product","link":"https:\/\/giacomini.ar\/bk\/producto\/cabezales-termostaticos-electrico-na\/","title":{"rendered":"Cabezales termost\u00e1ticos &#8211; El\u00e9ctrico (NA)"},"content":{"rendered":"<p><strong>C\u00f3digo: R478X121<\/strong><\/p>\n<p>Cabezales termost\u00e1ticos &#8211; El\u00e9ctrico (NA)<\/p>\n<p>230V<\/p>\n<p>Cabezal electrot\u00e9rmico normalmente abierto para v\u00e1lvula termostatizable y colector.<br \/>\nConexi\u00f3n con uni\u00f3n r\u00e1pida mediante anillo de fijaci\u00f3n (incluido).<br \/>\nVisualizador mec\u00e1nico de posici\u00f3n.<br \/>\nManguera de dos hilos. Longitud 1,5m.<br \/>\nGrado de protecci\u00f3n IP40.<br \/>\nRango de temperatura ambiente -5\u00f750\u00b0C.<\/p>\n<p>&nbsp;<\/p>\n<p><strong>Informaci\u00f3n T\u00e9cnica\u00a0 &#8211; <a href=\"http:\/\/giacomini.ar\/wp-content\/uploads\/2021\/07\/R478.pdf\">Descargar<\/a><\/strong><\/p>\n<a href=\"https:\/\/giacomini.ar\/wp-content\/uploads\/2021\/07\/R478.pdf\" class=\"pdfemb-viewer\" style=\"\" data-width=\"max\" data-height=\"max\" data-toolbar=\"bottom\" data-toolbar-fixed=\"off\">R478<\/a>\n<p>&nbsp;<\/p>\n","protected":false},"excerpt":{"rendered":"<p>&nbsp;<\/p>\n<p><strong>C\u00f3digo: R478X121<\/strong><\/p>\n<p>Cabezales termost\u00e1ticos &#8211; Electrico (NA)<\/p>\n<p>230V<\/p>\n","protected":false},"featured_media":3712,"template":"","meta":[],"product_brand":[],"product_cat":[111,79],"product_tag":[109,85,84,175],"class_list":{"0":"post-3785","1":"product","2":"type-product","3":"status-publish","4":"has-post-thumbnail","6":"product_cat-cabezales-rermostaticos","7":"product_cat-giacotherm","8":"product_tag-cabezal-termostatico","9":"product_tag-giacotherm","10":"product_tag-piso-radiante","11":"product_tag-r478x121","13":"first","14":"instock","15":"shipping-taxable","16":"purchasable","17":"product-type-simple"},"_links":{"self":[{"href":"https:\/\/giacomini.ar\/bk\/wp-json\/wp\/v2\/product\/3785","targetHints":{"allow":["GET"]}}],"collection":[{"href":"https:\/\/giacomini.ar\/bk\/wp-json\/wp\/v2\/product"}],"about":[{"href":"https:\/\/giacomini.ar\/bk\/wp-json\/wp\/v2\/types\/product"}],"wp:featuredmedia":[{"embeddable":true,"href":"https:\/\/giacomini.ar\/bk\/wp-json\/wp\/v2\/media\/3712"}],"wp:attachment":[{"href":"https:\/\/giacomini.ar\/bk\/wp-json\/wp\/v2\/media?parent=3785"}],"wp:term":[{"taxonomy":"product_brand","embeddable":true,"href":"https:\/\/giacomini.ar\/bk\/wp-json\/wp\/v2\/product_brand?post=3785"},{"taxonomy":"product_cat","embeddable":true,"href":"https:\/\/giacomini.ar\/bk\/wp-json\/wp\/v2\/product_cat?post=3785"},{"taxonomy":"product_tag","embeddable":true,"href":"https:\/\/giacomini.ar\/bk\/wp-json\/wp\/v2\/product_tag?post=3785"}],"curies":[{"name":"wp","href":"https:\/\/api.w.org\/{rel}","templated":true}]}}