{"id":3784,"date":"2021-07-30T17:23:38","date_gmt":"2021-07-30T20:23:38","guid":{"rendered":"http:\/\/giacomini.ar\/?post_type=product&#038;p=3784"},"modified":"2022-03-30T11:19:23","modified_gmt":"2022-03-30T14:19:23","slug":"tapon-con-valvula-manual-para-purga","status":"publish","type":"product","link":"https:\/\/giacomini.ar\/bk\/producto\/tapon-con-valvula-manual-para-purga\/","title":{"rendered":"Tap\u00f3n con v\u00e1lvula manual para purga"},"content":{"rendered":"<p><strong>C\u00f3digo: R90X003<\/strong><\/p>\n<p>Tap\u00f3n con v\u00e1lvula manual para purga<\/p>\n<p>Medida: 1\/2\u201d<\/p>\n<p>Tap\u00f3n para radiador en lat\u00f3n cromado. Con purgador manual y autojunta.<br \/>\nApertura con llave de cuadradillo y posibilidad de rotaci\u00f3n de la descarga.<br \/>\nRango de temperatura 5 \u00f7 110 \u00b0C.<br \/>\nPresi\u00f3n m\u00e1xima de trabajo 10bar.<br \/>\nPara la apertura utilizar la llave R74.<\/p>\n<p>&nbsp;<\/p>\n<p><strong>Informaci\u00f3n T\u00e9cnica\u00a0 &#8211; <a href=\"http:\/\/giacomini.ar\/wp-content\/uploads\/2021\/07\/R90.pdf\">Descargar<\/a><\/strong><\/p>\n<a href=\"https:\/\/giacomini.ar\/wp-content\/uploads\/2021\/07\/R90.pdf\" class=\"pdfemb-viewer\" style=\"\" data-width=\"max\" data-height=\"max\" data-toolbar=\"bottom\" data-toolbar-fixed=\"off\">R90<\/a>\n","protected":false},"excerpt":{"rendered":"<p>&nbsp;<\/p>\n<p><strong>C\u00f3digo: R90X003<\/strong><\/p>\n<p>Tap\u00f3n con v\u00e1lvula manual para purga<\/p>\n<p>Medida: 1\/2\u201d<\/p>\n","protected":false},"featured_media":3698,"template":"","meta":[],"product_brand":[],"product_cat":[79,170],"product_tag":[85,84,174],"class_list":{"0":"post-3784","1":"product","2":"type-product","3":"status-publish","4":"has-post-thumbnail","6":"product_cat-giacotherm","7":"product_cat-purgadores","8":"product_tag-giacotherm","9":"product_tag-piso-radiante","10":"product_tag-r90x003","12":"first","13":"instock","14":"shipping-taxable","15":"purchasable","16":"product-type-simple"},"_links":{"self":[{"href":"https:\/\/giacomini.ar\/bk\/wp-json\/wp\/v2\/product\/3784","targetHints":{"allow":["GET"]}}],"collection":[{"href":"https:\/\/giacomini.ar\/bk\/wp-json\/wp\/v2\/product"}],"about":[{"href":"https:\/\/giacomini.ar\/bk\/wp-json\/wp\/v2\/types\/product"}],"wp:featuredmedia":[{"embeddable":true,"href":"https:\/\/giacomini.ar\/bk\/wp-json\/wp\/v2\/media\/3698"}],"wp:attachment":[{"href":"https:\/\/giacomini.ar\/bk\/wp-json\/wp\/v2\/media?parent=3784"}],"wp:term":[{"taxonomy":"product_brand","embeddable":true,"href":"https:\/\/giacomini.ar\/bk\/wp-json\/wp\/v2\/product_brand?post=3784"},{"taxonomy":"product_cat","embeddable":true,"href":"https:\/\/giacomini.ar\/bk\/wp-json\/wp\/v2\/product_cat?post=3784"},{"taxonomy":"product_tag","embeddable":true,"href":"https:\/\/giacomini.ar\/bk\/wp-json\/wp\/v2\/product_tag?post=3784"}],"curies":[{"name":"wp","href":"https:\/\/api.w.org\/{rel}","templated":true}]}}