{"id":3779,"date":"2021-07-30T17:18:58","date_gmt":"2021-07-30T20:18:58","guid":{"rendered":"http:\/\/giacomini.ar\/?post_type=product&#038;p=3779"},"modified":"2022-03-30T11:25:18","modified_gmt":"2022-03-30T14:25:18","slug":"valvulas-manuales-escuadra-90-1","status":"publish","type":"product","link":"https:\/\/giacomini.ar\/bk\/producto\/valvulas-manuales-escuadra-90-1\/","title":{"rendered":"V\u00e1lvulas manuales &#8211; Escuadra 90\u00b0"},"content":{"rendered":"<p><strong>C\u00f3digo: R25X033<\/strong><\/p>\n<p>V\u00e1lvulas manuales &#8211; Escuadra 90\u00b0<\/p>\n<p>Medida: 1\/2\u201d<\/p>\n<p>V\u00e1lvula manual a escuadra con conexi\u00f3n para adaptador de tubo de cobre, pl\u00e1stico o multicapa.<br \/>\nRango de temperatura 5 \u00f7 110 \u00b0C.<br \/>\nPresi\u00f3n m\u00e1xima de trabajo 16bar.<\/p>\n<p>&nbsp;<\/p>\n<p><strong>Informaci\u00f3n T\u00e9cnica\u00a0 &#8211; <a href=\"http:\/\/giacomini.ar\/wp-content\/uploads\/2021\/07\/R25TG.pdf\">Descargar<\/a><\/strong><\/p>\n<a href=\"https:\/\/giacomini.ar\/wp-content\/uploads\/2021\/07\/R25TG.pdf\" class=\"pdfemb-viewer\" style=\"\" data-width=\"max\" data-height=\"max\" data-toolbar=\"bottom\" data-toolbar-fixed=\"off\">R25TG<\/a>\n","protected":false},"excerpt":{"rendered":"<p>&nbsp;<\/p>\n<p><strong>C\u00f3digo: R25X033<\/strong><\/p>\n<p>V\u00e1lvulas manuales &#8211; Escuadra 90\u00b0<\/p>\n<p>Medida: 1\/2\u201d<\/p>\n","protected":false},"featured_media":3692,"template":"","meta":[],"product_brand":[],"product_cat":[79,80],"product_tag":[85,84,169],"class_list":{"0":"post-3779","1":"product","2":"type-product","3":"status-publish","4":"has-post-thumbnail","6":"product_cat-giacotherm","7":"product_cat-valvulas","8":"product_tag-giacotherm","9":"product_tag-piso-radiante","10":"product_tag-r25x033","12":"first","13":"instock","14":"shipping-taxable","15":"purchasable","16":"product-type-simple"},"_links":{"self":[{"href":"https:\/\/giacomini.ar\/bk\/wp-json\/wp\/v2\/product\/3779","targetHints":{"allow":["GET"]}}],"collection":[{"href":"https:\/\/giacomini.ar\/bk\/wp-json\/wp\/v2\/product"}],"about":[{"href":"https:\/\/giacomini.ar\/bk\/wp-json\/wp\/v2\/types\/product"}],"wp:featuredmedia":[{"embeddable":true,"href":"https:\/\/giacomini.ar\/bk\/wp-json\/wp\/v2\/media\/3692"}],"wp:attachment":[{"href":"https:\/\/giacomini.ar\/bk\/wp-json\/wp\/v2\/media?parent=3779"}],"wp:term":[{"taxonomy":"product_brand","embeddable":true,"href":"https:\/\/giacomini.ar\/bk\/wp-json\/wp\/v2\/product_brand?post=3779"},{"taxonomy":"product_cat","embeddable":true,"href":"https:\/\/giacomini.ar\/bk\/wp-json\/wp\/v2\/product_cat?post=3779"},{"taxonomy":"product_tag","embeddable":true,"href":"https:\/\/giacomini.ar\/bk\/wp-json\/wp\/v2\/product_tag?post=3779"}],"curies":[{"name":"wp","href":"https:\/\/api.w.org\/{rel}","templated":true}]}}