{"id":3776,"date":"2021-07-30T17:14:59","date_gmt":"2021-07-30T20:14:59","guid":{"rendered":"http:\/\/giacomini.ar\/?post_type=product&#038;p=3776"},"modified":"2022-03-30T11:30:34","modified_gmt":"2022-03-30T14:30:34","slug":"valvulas-termostaticas-recta","status":"publish","type":"product","link":"https:\/\/giacomini.ar\/bk\/producto\/valvulas-termostaticas-recta\/","title":{"rendered":"V\u00e1lvulas termost\u00e1ticas &#8211; Recta"},"content":{"rendered":"<p><strong>C\u00f3digo: R422X133<\/strong><\/p>\n<p>V\u00e1lvulas termost\u00e1ticas &#8211; Recta<\/p>\n<p>Medida: 1\/2\u201d<\/p>\n<p>V\u00e1lvula termostatizable recta, de doble reglaje y con conexi\u00f3n para tubo de hierro.<br \/>\nRango de temperatura 5 \u00f7 110 \u00b0C.<br \/>\nPresi\u00f3n m\u00e1xima de trabajo 16bar (con cabezal termost\u00e1tico o electrot\u00e9rmico 10bar).<\/p>\n<p>&nbsp;<\/p>\n<p><strong>Informaci\u00f3n T\u00e9cnica\u00a0 &#8211; <a href=\"http:\/\/giacomini.ar\/wp-content\/uploads\/2021\/07\/R422TG.pdf&quot;\">Descargar<\/a><\/strong><\/p>\n<a href=\"https:\/\/giacomini.ar\/wp-content\/uploads\/2021\/07\/R422TG.pdf\" class=\"pdfemb-viewer\" style=\"\" data-width=\"max\" data-height=\"max\" data-toolbar=\"bottom\" data-toolbar-fixed=\"off\">R422TG<\/a>\n","protected":false},"excerpt":{"rendered":"<p>&nbsp;<\/p>\n<p><strong>C\u00f3digo: R422X133<\/strong><\/p>\n<p>V\u00e1lvulas termost\u00e1ticas &#8211; Recta<\/p>\n<p>Medida: 1\/2\u201d<\/p>\n","protected":false},"featured_media":3709,"template":"","meta":[],"product_brand":[],"product_cat":[79,80],"product_tag":[85,84,166],"class_list":{"0":"post-3776","1":"product","2":"type-product","3":"status-publish","4":"has-post-thumbnail","6":"product_cat-giacotherm","7":"product_cat-valvulas","8":"product_tag-giacotherm","9":"product_tag-piso-radiante","10":"product_tag-r422x133","12":"first","13":"instock","14":"shipping-taxable","15":"purchasable","16":"product-type-simple"},"_links":{"self":[{"href":"https:\/\/giacomini.ar\/bk\/wp-json\/wp\/v2\/product\/3776","targetHints":{"allow":["GET"]}}],"collection":[{"href":"https:\/\/giacomini.ar\/bk\/wp-json\/wp\/v2\/product"}],"about":[{"href":"https:\/\/giacomini.ar\/bk\/wp-json\/wp\/v2\/types\/product"}],"wp:featuredmedia":[{"embeddable":true,"href":"https:\/\/giacomini.ar\/bk\/wp-json\/wp\/v2\/media\/3709"}],"wp:attachment":[{"href":"https:\/\/giacomini.ar\/bk\/wp-json\/wp\/v2\/media?parent=3776"}],"wp:term":[{"taxonomy":"product_brand","embeddable":true,"href":"https:\/\/giacomini.ar\/bk\/wp-json\/wp\/v2\/product_brand?post=3776"},{"taxonomy":"product_cat","embeddable":true,"href":"https:\/\/giacomini.ar\/bk\/wp-json\/wp\/v2\/product_cat?post=3776"},{"taxonomy":"product_tag","embeddable":true,"href":"https:\/\/giacomini.ar\/bk\/wp-json\/wp\/v2\/product_tag?post=3776"}],"curies":[{"name":"wp","href":"https:\/\/api.w.org\/{rel}","templated":true}]}}