{"id":3757,"date":"2021-07-30T16:02:55","date_gmt":"2021-07-30T19:02:55","guid":{"rendered":"http:\/\/giacomini.ar\/?post_type=product&#038;p=3757"},"modified":"2022-03-30T11:48:12","modified_gmt":"2022-03-30T14:48:12","slug":"conectores-premontados","status":"publish","type":"product","link":"https:\/\/giacomini.ar\/bk\/producto\/conectores-premontados\/","title":{"rendered":"Conectores premontados"},"content":{"rendered":"<p><strong>C\u00f3digo: R553Y002<\/strong><\/p>\n<p>Conectores premontados<\/p>\n<p>Circuitos : 2\u00a0 \/\u00a0 R553Y002\u00a0 \/\u00a0 Medida: 1&#8243; x 18<\/p>\n<p>Circuitos : 3\u00a0 \/ R553Y003\u00a0 \/\u00a0 Medida: 1&#8243; x 18<\/p>\n<p>Circuitos : 4\u00a0 \/\u00a0 R553Y004\u00a0 \/\u00a0 Medida: 1&#8243; x 18<\/p>\n<p>Circuitos : 5\u00a0 \/\u00a0 R553Y005\u00a0 \/\u00a0 Medida: 1&#8243; x 18<\/p>\n<p>Circuitos : 6\u00a0 \/\u00a0 R553Y006\u00a0 \/\u00a0 Medida: 1&#8243; x 18<\/p>\n<p>Circuitos : 7\u00a0 \/\u00a0 R553Y007\u00a0 \/\u00a0 Medida: 1&#8243; x 18<\/p>\n<p>Colector premontado para instalaci\u00f3n de climatizaci\u00f3n. Conexi\u00f3n para tubo de cobre, pl\u00e1stico o multicapa.<br \/>\nSeparaci\u00f3n entre salidas de 50mm.<br \/>\nRango de temperatura 5\u00f7110\u00b0C.<br \/>\nPresi\u00f3n m\u00e1xima de trabajo 10bar.<br \/>\nFormado por:<br \/>\n&#8211; 1 colector de impulsi\u00f3n con detentores para equilibrado dotados de memoria mec\u00e1nica.<br \/>\n&#8211; 1 colector de retorno con v\u00e1lvulas de corte accionadas por volante manual. Posibilidad de instalar cabezales electrot\u00e9rmicos.<br \/>\n&#8211; Soportes met\u00e1licos.<br \/>\n&#8211; Juego de adhesivos para identificaci\u00f3n de circuitos.<br \/>\n&#8211; 1 llave para regulaci\u00f3n de detentores, modelo R558.<\/p>\n<p>&nbsp;<\/p>\n<p><strong>Informaci\u00f3n T\u00e9cnica\u00a0 &#8211; <a href=\"http:\/\/giacomini.ar\/wp-content\/uploads\/2021\/07\/R553D.pdf\">Descargar<\/a><\/strong><\/p>\n<a href=\"https:\/\/giacomini.ar\/wp-content\/uploads\/2021\/07\/R553D.pdf\" class=\"pdfemb-viewer\" style=\"\" data-width=\"max\" data-height=\"max\" data-toolbar=\"bottom\" data-toolbar-fixed=\"off\">R553D<\/a>\n<p>&nbsp;<\/p>\n","protected":false},"excerpt":{"rendered":"<p>&nbsp;<\/p>\n<p><strong>C\u00f3digo: R553Y002<\/strong><\/p>\n<p>Conectores premontados<\/p>\n<p>Circuitos : 2\u00a0 \/\u00a0 R553Y002\u00a0 \/\u00a0 Medida: 1&#8243; x 18<\/p>\n<p>Circuitos : 3\u00a0 \/ R553Y003\u00a0 \/\u00a0 Medida: 1&#8243; x 18<\/p>\n<p>Circuitos : 4\u00a0 \/\u00a0 R553Y004\u00a0 \/\u00a0 Medida: 1&#8243; x 18<\/p>\n<p>Circuitos : 5\u00a0 \/\u00a0 R553Y005\u00a0 \/\u00a0 Medida: 1&#8243; x 18<\/p>\n<p>Circuitos : 6\u00a0 \/\u00a0 R553Y006\u00a0 \/\u00a0 Medida: 1&#8243; x 18<\/p>\n<p>Circuitos : 7\u00a0 \/\u00a0 R553Y007\u00a0 \/\u00a0 Medida: 1&#8243; x 18<\/p>\n","protected":false},"featured_media":3714,"template":"","meta":[],"product_brand":[],"product_cat":[146,79],"product_tag":[140,85,84,139],"class_list":{"0":"post-3757","1":"product","2":"type-product","3":"status-publish","4":"has-post-thumbnail","6":"product_cat-colectores","7":"product_cat-giacotherm","8":"product_tag-conectores-premontados","9":"product_tag-giacotherm","10":"product_tag-piso-radiante","11":"product_tag-r553y002","13":"first","14":"instock","15":"shipping-taxable","16":"purchasable","17":"product-type-simple"},"_links":{"self":[{"href":"https:\/\/giacomini.ar\/bk\/wp-json\/wp\/v2\/product\/3757","targetHints":{"allow":["GET"]}}],"collection":[{"href":"https:\/\/giacomini.ar\/bk\/wp-json\/wp\/v2\/product"}],"about":[{"href":"https:\/\/giacomini.ar\/bk\/wp-json\/wp\/v2\/types\/product"}],"wp:featuredmedia":[{"embeddable":true,"href":"https:\/\/giacomini.ar\/bk\/wp-json\/wp\/v2\/media\/3714"}],"wp:attachment":[{"href":"https:\/\/giacomini.ar\/bk\/wp-json\/wp\/v2\/media?parent=3757"}],"wp:term":[{"taxonomy":"product_brand","embeddable":true,"href":"https:\/\/giacomini.ar\/bk\/wp-json\/wp\/v2\/product_brand?post=3757"},{"taxonomy":"product_cat","embeddable":true,"href":"https:\/\/giacomini.ar\/bk\/wp-json\/wp\/v2\/product_cat?post=3757"},{"taxonomy":"product_tag","embeddable":true,"href":"https:\/\/giacomini.ar\/bk\/wp-json\/wp\/v2\/product_tag?post=3757"}],"curies":[{"name":"wp","href":"https:\/\/api.w.org\/{rel}","templated":true}]}}