{"id":3756,"date":"2021-07-30T15:58:24","date_gmt":"2021-07-30T18:58:24","guid":{"rendered":"http:\/\/giacomini.ar\/?post_type=product&#038;p=3756"},"modified":"2022-03-30T11:51:21","modified_gmt":"2022-03-30T14:51:21","slug":"tubo-giacotherm-rosso-italy","status":"publish","type":"product","link":"https:\/\/giacomini.ar\/bk\/producto\/tubo-giacotherm-rosso-italy\/","title":{"rendered":"Tubo Giacotherm Rosso Italy"},"content":{"rendered":"<p><strong>C\u00f3digo: R978Y227\u00a0 \/\u00a0 R978Y256<\/strong><\/p>\n<p>Tubo Giacotherm Rosso Italy<\/p>\n<p>Medidas: 16X2X600 y 20X2X400<\/p>\n<p>Tuber\u00eda PE-RT con barrera anti-ox\u00edgeno, para sistemas de calefacci\u00f3n \/ refrigeraci\u00f3n.<\/p>\n<p>&nbsp;<\/p>\n<p><strong>Informaci\u00f3n T\u00e9cnica\u00a0 &#8211; <a href=\"http:\/\/giacomini.ar\/wp-content\/uploads\/2021\/07\/R978.pdf\">Descargar<\/a><\/strong><\/p>\n<a href=\"https:\/\/giacomini.ar\/wp-content\/uploads\/2021\/07\/R978.pdf\" class=\"pdfemb-viewer\" style=\"\" data-width=\"max\" data-height=\"max\" data-toolbar=\"bottom\" data-toolbar-fixed=\"off\">R978<\/a>\n","protected":false},"excerpt":{"rendered":"<p>&nbsp;<\/p>\n<p><strong>C\u00f3digo: R978Y227\u00a0 \/\u00a0 R978Y256<\/strong><\/p>\n<p>Tubo Giacotherm Rosso Italy<\/p>\n<p>Medidas: 16X2X600 y 20X2X400<\/p>\n","protected":false},"featured_media":3726,"template":"","meta":[],"product_brand":[],"product_cat":[79,105],"product_tag":[85,84,136,137],"class_list":{"0":"post-3756","1":"product","2":"type-product","3":"status-publish","4":"has-post-thumbnail","6":"product_cat-giacotherm","7":"product_cat-reduccion","8":"product_tag-giacotherm","9":"product_tag-piso-radiante","10":"product_tag-r978y227","11":"product_tag-r978y256","13":"first","14":"instock","15":"shipping-taxable","16":"purchasable","17":"product-type-simple"},"_links":{"self":[{"href":"https:\/\/giacomini.ar\/bk\/wp-json\/wp\/v2\/product\/3756","targetHints":{"allow":["GET"]}}],"collection":[{"href":"https:\/\/giacomini.ar\/bk\/wp-json\/wp\/v2\/product"}],"about":[{"href":"https:\/\/giacomini.ar\/bk\/wp-json\/wp\/v2\/types\/product"}],"wp:featuredmedia":[{"embeddable":true,"href":"https:\/\/giacomini.ar\/bk\/wp-json\/wp\/v2\/media\/3726"}],"wp:attachment":[{"href":"https:\/\/giacomini.ar\/bk\/wp-json\/wp\/v2\/media?parent=3756"}],"wp:term":[{"taxonomy":"product_brand","embeddable":true,"href":"https:\/\/giacomini.ar\/bk\/wp-json\/wp\/v2\/product_brand?post=3756"},{"taxonomy":"product_cat","embeddable":true,"href":"https:\/\/giacomini.ar\/bk\/wp-json\/wp\/v2\/product_cat?post=3756"},{"taxonomy":"product_tag","embeddable":true,"href":"https:\/\/giacomini.ar\/bk\/wp-json\/wp\/v2\/product_tag?post=3756"}],"curies":[{"name":"wp","href":"https:\/\/api.w.org\/{rel}","templated":true}]}}