{"id":3291,"date":"2021-07-27T12:54:42","date_gmt":"2021-07-27T15:54:42","guid":{"rendered":"http:\/\/giacomini.ar\/?post_type=product&#038;p=3291"},"modified":"2022-03-30T11:57:01","modified_gmt":"2022-03-30T14:57:01","slug":"cabezal-termostatico-de-baja-inercia-con-sensor-a-liquido","status":"publish","type":"product","link":"https:\/\/giacomini.ar\/bk\/producto\/cabezal-termostatico-de-baja-inercia-con-sensor-a-liquido\/","title":{"rendered":"Cabezal termost\u00e1tico de baja inercia, con sensor a l\u00edquido"},"content":{"rendered":"<p><strong>C\u00f3digo: R470X001<\/strong><\/p>\n<p>Cabezal termost\u00e1tico de baja inercia, con sensor a l\u00edquido. Sistema de anclaje CLIP-CLAP.<\/p>\n<p>Regulaci\u00f3n de 8\u00b0C a 32\u00b0C de temperatura ambiente.<\/p>\n<p>Rango de temperatura en combinaci\u00f3n con el cuerpo de v\u00e1lvula 5 \u00f7 110 \u00b0C.<\/p>\n<p>Presi\u00f3n m\u00e1xima de trabajo en combinaci\u00f3n con el cuerpo de v\u00e1lvula 10bar.<\/p>\n<p>&nbsp;<\/p>\n<p><strong>Informaci\u00f3n T\u00e9cnica\u00a0 &#8211; <a href=\"http:\/\/giacomini.ar\/wp-content\/uploads\/2021\/07\/R470.pdf\">Descargar<\/a><\/strong><\/p>\n<a href=\"https:\/\/giacomini.ar\/wp-content\/uploads\/2021\/07\/R470.pdf\" class=\"pdfemb-viewer\" style=\"\" data-width=\"max\" data-height=\"max\" data-toolbar=\"bottom\" data-toolbar-fixed=\"off\">R470<\/a>\n","protected":false},"excerpt":{"rendered":"<p>&nbsp;<\/p>\n<p><strong>C\u00f3digo: R470X001<\/strong><\/p>\n<p>Cabezal termost\u00e1tico de baja inercia, con sensor a l\u00edquido. Sistema de anclaje CLIP-CLAP.<\/p>\n<p>Regulaci\u00f3n de 8\u00b0C a 32\u00b0C de temperatura ambiente.<\/p>\n<p>Rango de temperatura en combinaci\u00f3n con el cuerpo de v\u00e1lvula 5 \u00f7 110 \u00b0C.<\/p>\n<p>Presi\u00f3n m\u00e1xima de trabajo en combinaci\u00f3n con el cuerpo de v\u00e1lvula 10bar.<\/p>\n","protected":false},"featured_media":3710,"template":"","meta":[],"product_brand":[],"product_cat":[111,79],"product_tag":[109,85,84,110],"class_list":{"0":"post-3291","1":"product","2":"type-product","3":"status-publish","4":"has-post-thumbnail","6":"product_cat-cabezales-rermostaticos","7":"product_cat-giacotherm","8":"product_tag-cabezal-termostatico","9":"product_tag-giacotherm","10":"product_tag-piso-radiante","11":"product_tag-r470x001","13":"first","14":"instock","15":"shipping-taxable","16":"purchasable","17":"product-type-simple"},"_links":{"self":[{"href":"https:\/\/giacomini.ar\/bk\/wp-json\/wp\/v2\/product\/3291","targetHints":{"allow":["GET"]}}],"collection":[{"href":"https:\/\/giacomini.ar\/bk\/wp-json\/wp\/v2\/product"}],"about":[{"href":"https:\/\/giacomini.ar\/bk\/wp-json\/wp\/v2\/types\/product"}],"wp:featuredmedia":[{"embeddable":true,"href":"https:\/\/giacomini.ar\/bk\/wp-json\/wp\/v2\/media\/3710"}],"wp:attachment":[{"href":"https:\/\/giacomini.ar\/bk\/wp-json\/wp\/v2\/media?parent=3291"}],"wp:term":[{"taxonomy":"product_brand","embeddable":true,"href":"https:\/\/giacomini.ar\/bk\/wp-json\/wp\/v2\/product_brand?post=3291"},{"taxonomy":"product_cat","embeddable":true,"href":"https:\/\/giacomini.ar\/bk\/wp-json\/wp\/v2\/product_cat?post=3291"},{"taxonomy":"product_tag","embeddable":true,"href":"https:\/\/giacomini.ar\/bk\/wp-json\/wp\/v2\/product_tag?post=3291"}],"curies":[{"name":"wp","href":"https:\/\/api.w.org\/{rel}","templated":true}]}}