{"id":3600,"date":"2021-07-27T21:40:05","date_gmt":"2021-07-28T00:40:05","guid":{"rendered":"http:\/\/giacomini.ar\/?page_id=3600"},"modified":"2025-03-14T17:12:03","modified_gmt":"2025-03-14T20:12:03","slug":"giacotherm","status":"publish","type":"page","link":"https:\/\/giacomini.ar\/bk\/giacotherm\/","title":{"rendered":"Giacotherm"},"content":{"rendered":"<p>[vc_row][vc_column]<div class=\"title-wrapper  basel-title-color-alt basel-title-style-bordered basel-title-size-extra-large text-center \"><div class=\"liner-continer\"> <span class=\"left-line\"><\/span> <h1 class=\"title\" >GiacoTherm<span class=\"title-separator\"><span><\/span><\/span><\/h1> <span class=\"right-line\"><\/span> <\/div><\/div>[vc_custom_heading text=&#8221;Suelos y Paredes Radiantes&#8221; font_container=&#8221;tag:h3|font_size:25|text_align:center|color:%23dd0000&#8243; use_theme_fonts=&#8221;yes&#8221;][vc_empty_space height=&#8221;30px&#8221;][vc_column_text]<\/p>\n<h3 class=\"color_2 \" style=\"text-align: center;\">La placentera sensaci\u00f3n de bienestar, la temperatura constante y uniforme en los diferentes ambientes y la ausencia de movimientos de convecci\u00f3n permiten que el clima resulte ideal e higi\u00e9nico con un impacto energ\u00e9tico limitado, gracias a la baja temperatura del agua de env\u00edo.<\/h3>\n<p>[\/vc_column_text][vc_empty_space height=&#8221;10px&#8221;][vc_zigzag][\/vc_column][\/vc_row][vc_row][vc_column][vc_empty_space height=&#8221;50px&#8221;][vc_custom_heading text=&#8221;Componente y herramientas&#8221; font_container=&#8221;tag:h1|font_size:35|text_align:left|color:%23dd0000&#8243; use_theme_fonts=&#8221;yes&#8221;][\/vc_column][\/vc_row][vc_row][vc_column width=&#8221;2\/3&#8243;][vc_column_text]<\/p>\n<h2 class=\"tipo_des_b\"><span style=\"color: #dd0000;\">TUBOS<\/span><\/h2>\n<p class=\"color_2 \" style=\"text-align: left;\">La tuber\u00edas en material sint\u00e9tico que se colocan en los paneles aislantes juegan un papel fundamental en los sistemas de suelo radiante. Est\u00e1n caracterizadas por una gran fiabilidad a largo plazo, es decir, resistencia mec\u00e1nica a las esfuerzos originados por temperaturas y presiones de uso, ausencia de los fen\u00f3menos de corrosi\u00f3n t\u00edpicos de los metales (puesto que los tubos son empotrados en el pavimento, se comprende la ventaja que ofrece esta caracter\u00edstica), gran versatilidad en la fase de instalaci\u00f3n porque la flexibilidad de los tubos permite al instalador realizar c\u00f3modamente los circuitos radiantes con espirales y serpentines.<\/p>\n<p>[\/vc_column_text][\/vc_column][vc_column width=&#8221;1\/3&#8243;][vc_single_image image=&#8221;3604&#8243; img_size=&#8221;full&#8221; alignment=&#8221;center&#8221;][\/vc_column][\/vc_row][vc_row][vc_column][vc_zigzag][vc_empty_space height=&#8221;20px&#8221;][\/vc_column][\/vc_row][vc_row][vc_column width=&#8221;2\/3&#8243;][vc_column_text]<\/p>\n<h2 class=\"tipo_des_b\"><span style=\"color: #dd0000;\">COLECTORES, GRUPOS PRE-ENSAMBLADOS, CAJAS Y OTROS ELEMENTOS DE DISTRIBUCI\u00d3N<\/span><\/h2>\n<p class=\"color_2 \" style=\"text-align: left;\">En una instalaci\u00f3n de paneles radiantes, los colectores llevan a cabo una funci\u00f3n fundamental: son los encargados de la alimentaci\u00f3n hidr\u00e1ulica de cada circuito seg\u00fan el caudal necesario para su funcionamiento \u00f3ptimo.<\/p>\n<p class=\"color_2 \" style=\"text-align: left;\">Sin embargo, no todas las instalaciones tienen las mismas exigencias y, por ello, ponemos a disposici\u00f3n una amplia gama de posibilidades: desde los componentes individuales, para construir grupos de distribuci\u00f3n y mezclado en funci\u00f3n de las m\u00e1s variadas situaciones de instalaci\u00f3n, a los pr\u00e1cticos colectores premontados y precableados que ofrecen integridad, simplicidad de instalaci\u00f3n y ahorro de tiempo.<\/p>\n<p class=\"color_2 \" style=\"text-align: left;\">Todos los colectores pueden alojarse en cajas met\u00e1licas espec\u00edficas para una f\u00e1cil puesta a punto y mantenimiento de la instalaci\u00f3n.<\/p>\n<p>[\/vc_column_text][\/vc_column][vc_column width=&#8221;1\/3&#8243;][vc_single_image image=&#8221;3603&#8243; img_size=&#8221;medium&#8221; alignment=&#8221;center&#8221;][\/vc_column][\/vc_row][vc_row][vc_column][vc_zigzag][\/vc_column][\/vc_row][vc_row][vc_column][vc_empty_space height=&#8221;50px&#8221;][vc_custom_heading text=&#8221;Ventajas&#8221; font_container=&#8221;tag:h1|font_size:35|text_align:left|color:%23dd0000&#8243; use_theme_fonts=&#8221;yes&#8221;][\/vc_column][\/vc_row][vc_row][vc_column width=&#8221;1\/3&#8243;][vc_single_image image=&#8221;3605&#8243; img_size=&#8221;medium&#8221; alignment=&#8221;center&#8221;][vc_column_text]<\/p>\n<p style=\"text-align: center;\">Confort ambiental de m\u00e1ximo nivel (distribuci\u00f3n uniforme de la temperatura horizontal y verticalmente, ausencia de corrientes de aire y de circulaci\u00f3n de polvo, funcionamiento silencioso)<\/p>\n<p>[\/vc_column_text][vc_empty_space height=&#8221;20px&#8221;][\/vc_column][vc_column width=&#8221;1\/3&#8243;][vc_single_image image=&#8221;3606&#8243; img_size=&#8221;medium&#8221; alignment=&#8221;center&#8221;][vc_column_text]<\/p>\n<p style=\"text-align: center;\">Consumo energ\u00e9tico eficiente por toda la vida \u00fatil del edificio (temperatura de confort inferior con respecto a la temperatura de los sistemas tradicionales de radiadores, para un ahorro de energ\u00eda igual al 7\u00f78% por grado menos de Taire)<\/p>\n<p>[\/vc_column_text][vc_empty_space height=&#8221;20px&#8221;][\/vc_column][vc_column width=&#8221;1\/3&#8243;][vc_single_image image=&#8221;3607&#8243; img_size=&#8221;medium&#8221; alignment=&#8221;center&#8221;][vc_column_text]<\/p>\n<p style=\"text-align: center;\">Gracias al funcionamiento con agua a temperaturas menos extremas, es ideal en combinaci\u00f3n con generadores de alta eficiencia (como calderas de condensaci\u00f3n y bombas de calor) y permite el uso eficaz de fuentes renovables (como energ\u00eda geot\u00e9rmica y solar t\u00e9rmica).<\/p>\n<p>[\/vc_column_text][vc_empty_space height=&#8221;20px&#8221;][\/vc_column][\/vc_row][vc_row][vc_column width=&#8221;1\/3&#8243;][vc_single_image image=&#8221;3608&#8243; img_size=&#8221;medium&#8221; alignment=&#8221;center&#8221;][vc_column_text]<\/p>\n<p style=\"text-align: center;\">M\u00e1xima libertad arquitect\u00f3nica, gracias a la ausencia de terminales en el ambiente<\/p>\n<p>[\/vc_column_text][vc_empty_space height=&#8221;20px&#8221;][\/vc_column][vc_column width=&#8221;1\/3&#8243;][vc_single_image image=&#8221;3609&#8243; img_size=&#8221;medium&#8221; alignment=&#8221;center&#8221;][vc_column_text]<\/p>\n<p style=\"text-align: center;\">Sin necesidad de mantenimiento<\/p>\n<p>[\/vc_column_text][vc_empty_space height=&#8221;20px&#8221;][\/vc_column][vc_column width=&#8221;1\/3&#8243;][vc_single_image image=&#8221;3610&#8243; img_size=&#8221;medium&#8221; alignment=&#8221;center&#8221;][vc_column_text]<\/p>\n<p style=\"text-align: center;\">Para nuevas construcciones y para reestructuraciones, en los sectores tanto residencial como comercial\/industrial<\/p>\n<p>[\/vc_column_text][vc_empty_space height=&#8221;20px&#8221;][\/vc_column][\/vc_row][vc_row][vc_column width=&#8221;1\/3&#8243;][vc_empty_space][\/vc_column][vc_column width=&#8221;1\/3&#8243;][vc_single_image image=&#8221;3611&#8243; img_size=&#8221;medium&#8221; alignment=&#8221;center&#8221;][vc_column_text]<\/p>\n<p style=\"text-align: center;\">\u00danico fabricante para garantizar una amplia gama de soluciones completas, fiables y econ\u00f3micas<\/p>\n<p>[\/vc_column_text][vc_empty_space height=&#8221;20px&#8221;][\/vc_column][vc_column width=&#8221;1\/3&#8243;][vc_empty_space][\/vc_column][\/vc_row][vc_row][vc_column][vc_zigzag][\/vc_column][\/vc_row][vc_row][vc_column][vc_empty_space height=&#8221;20px&#8221;][vc_custom_heading text=&#8221;RECORR\u00c9 LA L\u00cdNEA DE PRODUCTOS GIACOTHERM&#8221; font_container=&#8221;tag:h2|text_align:center&#8221; use_theme_fonts=&#8221;yes&#8221;][vc_empty_space height=&#8221;50px&#8221;]<div class=\"woocommerce columns-4 \">\n<div class=\"products elements-grid basel-products-holder  basel-spacing- products-spacing- pagination-pagination row grid-columns-4\" data-min_price=\"\" data-max_price=\"\" data-source=\"main_loop\">\t<div class=\"product-grid-item basel-hover-alt product  col-xs-6 col-sm-4 col-md-3 first  post-0 post type-post status-publish format-standard has-post-thumbnail hentry\" data-loop=\"1\" data-id=\"4235\">\n\n\t\t<div class=\"product-element-top\">\n\t<a href=\"https:\/\/giacomini.ar\/bk\/producto\/valvulas-termostaticas-sin-volante-recta\/\">\n\t\t<img loading=\"lazy\" decoding=\"async\" width=\"300\" height=\"300\" src=\"https:\/\/giacomini.ar\/bk\/wp-content\/uploads\/2022\/03\/R402X133-300x300.jpg\" class=\"attachment-woocommerce_thumbnail size-woocommerce_thumbnail\" alt=\"\" srcset=\"https:\/\/giacomini.ar\/bk\/wp-content\/uploads\/2022\/03\/R402X133-300x300.jpg 300w, https:\/\/giacomini.ar\/bk\/wp-content\/uploads\/2022\/03\/R402X133-150x150.jpg 150w, https:\/\/giacomini.ar\/bk\/wp-content\/uploads\/2022\/03\/R402X133-100x100.jpg 100w, https:\/\/giacomini.ar\/bk\/wp-content\/uploads\/2022\/03\/R402X133.jpg 400w\" sizes=\"auto, (max-width: 300px) 100vw, 300px\" \/>\t<\/a>\n\t\t<div class=\"basel-buttons\">\n\t\t\t\t\t\t\t\t\t<div class=\"quick-view\">\n\t\t\t\t<a \n\t\t\t\t\thref=\"https:\/\/giacomini.ar\/bk\/producto\/valvulas-termostaticas-sin-volante-recta\/\" \n\t\t\t\t\tclass=\"open-quick-view\" \n\t\t\t\t\tdata-id=\"4235\">Quick View<\/a>\n\t\t\t<\/div>\n\t\t\t<\/div>\n<\/div>\n<h3 class=\"product-title\"><a href=\"https:\/\/giacomini.ar\/bk\/producto\/valvulas-termostaticas-sin-volante-recta\/\">V\u00e1lvulas termost\u00e1ticas &#8211; Sin Volante &#8211; Recta<\/a><\/h3>\n\n<div class=\"wrap-price\">\n\t<div class=\"wrapp-swap\">\n\t\t<div class=\"swap-elements\">\n\t\t\t\t\t\t<div class=\"btn-add\">\n\t\t\t\t\t\t\t<\/div>\n\t\t<\/div>\n\t<\/div>\n\t<\/div>\n\n\n\n\t<\/div>\n\t<div class=\"product-grid-item basel-hover-alt product  col-xs-6 col-sm-4 col-md-3 post-0 post type-post status-publish format-standard has-post-thumbnail hentry\" data-loop=\"2\" data-id=\"4281\">\n\n\t\t<div class=\"product-element-top\">\n\t<a href=\"https:\/\/giacomini.ar\/bk\/producto\/tubo-pex-al-pex\/\">\n\t\t<img loading=\"lazy\" decoding=\"async\" width=\"300\" height=\"300\" src=\"https:\/\/giacomini.ar\/bk\/wp-content\/uploads\/2022\/03\/R999IY222-300x300.jpg\" class=\"attachment-woocommerce_thumbnail size-woocommerce_thumbnail\" alt=\"\" srcset=\"https:\/\/giacomini.ar\/bk\/wp-content\/uploads\/2022\/03\/R999IY222-300x300.jpg 300w, https:\/\/giacomini.ar\/bk\/wp-content\/uploads\/2022\/03\/R999IY222-150x150.jpg 150w, https:\/\/giacomini.ar\/bk\/wp-content\/uploads\/2022\/03\/R999IY222-100x100.jpg 100w, https:\/\/giacomini.ar\/bk\/wp-content\/uploads\/2022\/03\/R999IY222.jpg 400w\" sizes=\"auto, (max-width: 300px) 100vw, 300px\" \/>\t<\/a>\n\t\t<div class=\"basel-buttons\">\n\t\t\t\t\t\t\t\t\t<div class=\"quick-view\">\n\t\t\t\t<a \n\t\t\t\t\thref=\"https:\/\/giacomini.ar\/bk\/producto\/tubo-pex-al-pex\/\" \n\t\t\t\t\tclass=\"open-quick-view\" \n\t\t\t\t\tdata-id=\"4281\">Quick View<\/a>\n\t\t\t<\/div>\n\t\t\t<\/div>\n<\/div>\n<h3 class=\"product-title\"><a href=\"https:\/\/giacomini.ar\/bk\/producto\/tubo-pex-al-pex\/\">Tubo PEX al PEX<\/a><\/h3>\n\n<div class=\"wrap-price\">\n\t<div class=\"wrapp-swap\">\n\t\t<div class=\"swap-elements\">\n\t\t\t\t\t\t<div class=\"btn-add\">\n\t\t\t\t\t\t\t<\/div>\n\t\t<\/div>\n\t<\/div>\n\t<\/div>\n\n\n\n\t<\/div>\n<div class=\"clearfix visible-xs-block\"><\/div>\t<div class=\"product-grid-item basel-hover-alt product  col-xs-6 col-sm-4 col-md-3 post-0 post type-post status-publish format-standard has-post-thumbnail hentry\" data-loop=\"3\" data-id=\"3764\">\n\n\t\t<div class=\"product-element-top\">\n\t<a href=\"https:\/\/giacomini.ar\/bk\/producto\/curvatubos\/\">\n\t\t<img loading=\"lazy\" decoding=\"async\" width=\"300\" height=\"300\" src=\"https:\/\/giacomini.ar\/bk\/wp-content\/uploads\/2021\/07\/CT16-300x300.jpg\" class=\"attachment-woocommerce_thumbnail size-woocommerce_thumbnail\" alt=\"\" srcset=\"https:\/\/giacomini.ar\/bk\/wp-content\/uploads\/2021\/07\/CT16-300x300.jpg 300w, https:\/\/giacomini.ar\/bk\/wp-content\/uploads\/2021\/07\/CT16-150x150.jpg 150w, https:\/\/giacomini.ar\/bk\/wp-content\/uploads\/2021\/07\/CT16-100x100.jpg 100w, https:\/\/giacomini.ar\/bk\/wp-content\/uploads\/2021\/07\/CT16.jpg 400w\" sizes=\"auto, (max-width: 300px) 100vw, 300px\" \/>\t<\/a>\n\t\t<div class=\"basel-buttons\">\n\t\t\t\t\t\t\t\t\t<div class=\"quick-view\">\n\t\t\t\t<a \n\t\t\t\t\thref=\"https:\/\/giacomini.ar\/bk\/producto\/curvatubos\/\" \n\t\t\t\t\tclass=\"open-quick-view\" \n\t\t\t\t\tdata-id=\"3764\">Quick View<\/a>\n\t\t\t<\/div>\n\t\t\t<\/div>\n<\/div>\n<h3 class=\"product-title\"><a href=\"https:\/\/giacomini.ar\/bk\/producto\/curvatubos\/\">Curvatubos<\/a><\/h3>\n\n<div class=\"wrap-price\">\n\t<div class=\"wrapp-swap\">\n\t\t<div class=\"swap-elements\">\n\t\t\t\t\t\t<div class=\"btn-add\">\n\t\t\t\t\t\t\t<\/div>\n\t\t<\/div>\n\t<\/div>\n\t<\/div>\n\n\n\n\t<\/div>\n<div class=\"clearfix visible-sm-block\"><\/div>\t<div class=\"product-grid-item basel-hover-alt product  col-xs-6 col-sm-4 col-md-3 last  post-0 post type-post status-publish format-standard has-post-thumbnail hentry\" data-loop=\"4\" data-id=\"3774\">\n\n\t\t<div class=\"product-element-top\">\n\t<a href=\"https:\/\/giacomini.ar\/bk\/producto\/detentores-escuadra-90-1\/\">\n\t\t<img loading=\"lazy\" decoding=\"async\" width=\"300\" height=\"300\" src=\"https:\/\/giacomini.ar\/bk\/wp-content\/uploads\/2021\/07\/R29X033-300x300.jpg\" class=\"attachment-woocommerce_thumbnail size-woocommerce_thumbnail\" alt=\"\" srcset=\"https:\/\/giacomini.ar\/bk\/wp-content\/uploads\/2021\/07\/R29X033-300x300.jpg 300w, https:\/\/giacomini.ar\/bk\/wp-content\/uploads\/2021\/07\/R29X033-150x150.jpg 150w, https:\/\/giacomini.ar\/bk\/wp-content\/uploads\/2021\/07\/R29X033-100x100.jpg 100w, https:\/\/giacomini.ar\/bk\/wp-content\/uploads\/2021\/07\/R29X033.jpg 400w\" sizes=\"auto, (max-width: 300px) 100vw, 300px\" \/>\t<\/a>\n\t\t<div class=\"basel-buttons\">\n\t\t\t\t\t\t\t\t\t<div class=\"quick-view\">\n\t\t\t\t<a \n\t\t\t\t\thref=\"https:\/\/giacomini.ar\/bk\/producto\/detentores-escuadra-90-1\/\" \n\t\t\t\t\tclass=\"open-quick-view\" \n\t\t\t\t\tdata-id=\"3774\">Quick View<\/a>\n\t\t\t<\/div>\n\t\t\t<\/div>\n<\/div>\n<h3 class=\"product-title\"><a href=\"https:\/\/giacomini.ar\/bk\/producto\/detentores-escuadra-90-1\/\">Detentores &#8211; Escuadra 90\u00b0<\/a><\/h3>\n\n<div class=\"wrap-price\">\n\t<div class=\"wrapp-swap\">\n\t\t<div class=\"swap-elements\">\n\t\t\t\t\t\t<div class=\"btn-add\">\n\t\t\t\t\t\t\t<\/div>\n\t\t<\/div>\n\t<\/div>\n\t<\/div>\n\n\n\n\t<\/div>\n<div class=\"clearfix visible-xs-block\"><\/div><div class=\"clearfix visible-md-block visible-lg-block\"><\/div>\t<div class=\"product-grid-item basel-hover-alt product  col-xs-6 col-sm-4 col-md-3 first  post-0 post type-post status-publish format-standard has-post-thumbnail hentry\" data-loop=\"5\" data-id=\"4267\">\n\n\t\t<div class=\"product-element-top\">\n\t<a href=\"https:\/\/giacomini.ar\/bk\/producto\/valvula-de-llenado-automatico-sin-manometro\/\">\n\t\t<img loading=\"lazy\" decoding=\"async\" width=\"300\" height=\"300\" src=\"https:\/\/giacomini.ar\/bk\/wp-content\/uploads\/2022\/03\/R150BY103-300x300.jpg\" class=\"attachment-woocommerce_thumbnail size-woocommerce_thumbnail\" alt=\"\" srcset=\"https:\/\/giacomini.ar\/bk\/wp-content\/uploads\/2022\/03\/R150BY103-300x300.jpg 300w, https:\/\/giacomini.ar\/bk\/wp-content\/uploads\/2022\/03\/R150BY103-150x150.jpg 150w, https:\/\/giacomini.ar\/bk\/wp-content\/uploads\/2022\/03\/R150BY103-100x100.jpg 100w, https:\/\/giacomini.ar\/bk\/wp-content\/uploads\/2022\/03\/R150BY103.jpg 400w\" sizes=\"auto, (max-width: 300px) 100vw, 300px\" \/>\t<\/a>\n\t\t<div class=\"basel-buttons\">\n\t\t\t\t\t\t\t\t\t<div class=\"quick-view\">\n\t\t\t\t<a \n\t\t\t\t\thref=\"https:\/\/giacomini.ar\/bk\/producto\/valvula-de-llenado-automatico-sin-manometro\/\" \n\t\t\t\t\tclass=\"open-quick-view\" \n\t\t\t\t\tdata-id=\"4267\">Quick View<\/a>\n\t\t\t<\/div>\n\t\t\t<\/div>\n<\/div>\n<h3 class=\"product-title\"><a href=\"https:\/\/giacomini.ar\/bk\/producto\/valvula-de-llenado-automatico-sin-manometro\/\">V\u00e1lvula de llenado autom\u00e1tico sin man\u00f3metro<\/a><\/h3>\n\n<div class=\"wrap-price\">\n\t<div class=\"wrapp-swap\">\n\t\t<div class=\"swap-elements\">\n\t\t\t\t\t\t<div class=\"btn-add\">\n\t\t\t\t\t\t\t<\/div>\n\t\t<\/div>\n\t<\/div>\n\t<\/div>\n\n\n\n\t<\/div>\n\t<div class=\"product-grid-item basel-hover-alt product  col-xs-6 col-sm-4 col-md-3 post-0 post type-post status-publish format-standard has-post-thumbnail hentry\" data-loop=\"6\" data-id=\"3761\">\n\n\t\t<div class=\"product-element-top\">\n\t<a href=\"https:\/\/giacomini.ar\/bk\/producto\/medio-con-valvula-termica\/\">\n\t\t<img loading=\"lazy\" decoding=\"async\" width=\"300\" height=\"300\" src=\"https:\/\/giacomini.ar\/bk\/wp-content\/uploads\/2021\/07\/R53VMY006-300x300.jpg\" class=\"attachment-woocommerce_thumbnail size-woocommerce_thumbnail\" alt=\"\" srcset=\"https:\/\/giacomini.ar\/bk\/wp-content\/uploads\/2021\/07\/R53VMY006-300x300.jpg 300w, https:\/\/giacomini.ar\/bk\/wp-content\/uploads\/2021\/07\/R53VMY006-150x150.jpg 150w, https:\/\/giacomini.ar\/bk\/wp-content\/uploads\/2021\/07\/R53VMY006-100x100.jpg 100w, https:\/\/giacomini.ar\/bk\/wp-content\/uploads\/2021\/07\/R53VMY006.jpg 400w\" sizes=\"auto, (max-width: 300px) 100vw, 300px\" \/>\t<\/a>\n\t\t<div class=\"basel-buttons\">\n\t\t\t\t\t\t\t\t\t<div class=\"quick-view\">\n\t\t\t\t<a \n\t\t\t\t\thref=\"https:\/\/giacomini.ar\/bk\/producto\/medio-con-valvula-termica\/\" \n\t\t\t\t\tclass=\"open-quick-view\" \n\t\t\t\t\tdata-id=\"3761\">Quick View<\/a>\n\t\t\t<\/div>\n\t\t\t<\/div>\n<\/div>\n<h3 class=\"product-title\"><a href=\"https:\/\/giacomini.ar\/bk\/producto\/medio-con-valvula-termica\/\">Medio con v\u00e1lvula t\u00e9rmica<\/a><\/h3>\n\n<div class=\"wrap-price\">\n\t<div class=\"wrapp-swap\">\n\t\t<div class=\"swap-elements\">\n\t\t\t\t\t\t<div class=\"btn-add\">\n\t\t\t\t\t\t\t<\/div>\n\t\t<\/div>\n\t<\/div>\n\t<\/div>\n\n\n\n\t<\/div>\n<div class=\"clearfix visible-xs-block\"><\/div><div class=\"clearfix visible-sm-block\"><\/div>\t<div class=\"product-grid-item basel-hover-alt product  col-xs-6 col-sm-4 col-md-3 post-0 post type-post status-publish format-standard has-post-thumbnail hentry\" data-loop=\"7\" data-id=\"3779\">\n\n\t\t<div class=\"product-element-top\">\n\t<a href=\"https:\/\/giacomini.ar\/bk\/producto\/valvulas-manuales-escuadra-90-1\/\">\n\t\t<img loading=\"lazy\" decoding=\"async\" width=\"300\" height=\"300\" src=\"https:\/\/giacomini.ar\/bk\/wp-content\/uploads\/2021\/07\/R25X033-300x300.jpg\" class=\"attachment-woocommerce_thumbnail size-woocommerce_thumbnail\" alt=\"\" srcset=\"https:\/\/giacomini.ar\/bk\/wp-content\/uploads\/2021\/07\/R25X033-300x300.jpg 300w, https:\/\/giacomini.ar\/bk\/wp-content\/uploads\/2021\/07\/R25X033-150x150.jpg 150w, https:\/\/giacomini.ar\/bk\/wp-content\/uploads\/2021\/07\/R25X033-100x100.jpg 100w, https:\/\/giacomini.ar\/bk\/wp-content\/uploads\/2021\/07\/R25X033.jpg 400w\" sizes=\"auto, (max-width: 300px) 100vw, 300px\" \/>\t<\/a>\n\t\t<div class=\"basel-buttons\">\n\t\t\t\t\t\t\t\t\t<div class=\"quick-view\">\n\t\t\t\t<a \n\t\t\t\t\thref=\"https:\/\/giacomini.ar\/bk\/producto\/valvulas-manuales-escuadra-90-1\/\" \n\t\t\t\t\tclass=\"open-quick-view\" \n\t\t\t\t\tdata-id=\"3779\">Quick View<\/a>\n\t\t\t<\/div>\n\t\t\t<\/div>\n<\/div>\n<h3 class=\"product-title\"><a href=\"https:\/\/giacomini.ar\/bk\/producto\/valvulas-manuales-escuadra-90-1\/\">V\u00e1lvulas manuales &#8211; Escuadra 90\u00b0<\/a><\/h3>\n\n<div class=\"wrap-price\">\n\t<div class=\"wrapp-swap\">\n\t\t<div class=\"swap-elements\">\n\t\t\t\t\t\t<div class=\"btn-add\">\n\t\t\t\t\t\t\t<\/div>\n\t\t<\/div>\n\t<\/div>\n\t<\/div>\n\n\n\n\t<\/div>\n\t<div class=\"product-grid-item basel-hover-alt product  col-xs-6 col-sm-4 col-md-3 last  post-0 post type-post status-publish format-standard has-post-thumbnail hentry\" data-loop=\"8\" data-id=\"3758\">\n\n\t\t<div class=\"product-element-top\">\n\t<a href=\"https:\/\/giacomini.ar\/bk\/producto\/colectores-modulares-sin-detentor\/\">\n\t\t<img loading=\"lazy\" decoding=\"async\" width=\"300\" height=\"300\" src=\"https:\/\/giacomini.ar\/bk\/wp-content\/uploads\/2021\/07\/R580MY005-300x300.jpg\" class=\"attachment-woocommerce_thumbnail size-woocommerce_thumbnail\" alt=\"\" srcset=\"https:\/\/giacomini.ar\/bk\/wp-content\/uploads\/2021\/07\/R580MY005-300x300.jpg 300w, https:\/\/giacomini.ar\/bk\/wp-content\/uploads\/2021\/07\/R580MY005-150x150.jpg 150w, https:\/\/giacomini.ar\/bk\/wp-content\/uploads\/2021\/07\/R580MY005-100x100.jpg 100w, https:\/\/giacomini.ar\/bk\/wp-content\/uploads\/2021\/07\/R580MY005.jpg 400w\" sizes=\"auto, (max-width: 300px) 100vw, 300px\" \/>\t<\/a>\n\t\t<div class=\"basel-buttons\">\n\t\t\t\t\t\t\t\t\t<div class=\"quick-view\">\n\t\t\t\t<a \n\t\t\t\t\thref=\"https:\/\/giacomini.ar\/bk\/producto\/colectores-modulares-sin-detentor\/\" \n\t\t\t\t\tclass=\"open-quick-view\" \n\t\t\t\t\tdata-id=\"3758\">Quick View<\/a>\n\t\t\t<\/div>\n\t\t\t<\/div>\n<\/div>\n<h3 class=\"product-title\"><a href=\"https:\/\/giacomini.ar\/bk\/producto\/colectores-modulares-sin-detentor\/\">Colectores modulares sin detentor<\/a><\/h3>\n\n<div class=\"wrap-price\">\n\t<div class=\"wrapp-swap\">\n\t\t<div class=\"swap-elements\">\n\t\t\t\t\t\t<div class=\"btn-add\">\n\t\t\t\t\t\t\t<\/div>\n\t\t<\/div>\n\t<\/div>\n\t<\/div>\n\n\n\n\t<\/div>\n<div class=\"clearfix visible-xs-block\"><\/div><div class=\"clearfix visible-md-block visible-lg-block\"><\/div><\/div><\/div>[vc_btn title=&#8221;TODOS LOS PRODUCTOS&#8221; shape=&#8221;square&#8221; color=&#8221;danger&#8221; align=&#8221;center&#8221; link=&#8221;url:http%3A%2F%2Fgiacomini.ar%2Fproductos-giacoqest%2F|title:Productos%20Giacoqest&#8221;][vc_zigzag][vc_empty_space height=&#8221;20px&#8221;][vc_custom_heading text=&#8221;Envianos tu consulta&#8221; font_container=&#8221;tag:h1|font_size:35|text_align:left|color:%23dd0000&#8243; use_theme_fonts=&#8221;yes&#8221;]\n<div class=\"wpcf7 no-js\" id=\"wpcf7-f3512-o1\" lang=\"es-ES\" dir=\"ltr\" data-wpcf7-id=\"3512\">\n<div class=\"screen-reader-response\"><p role=\"status\" aria-live=\"polite\" aria-atomic=\"true\"><\/p> <ul><\/ul><\/div>\n<form action=\"\/bk\/wp-json\/wp\/v2\/pages\/3600#wpcf7-f3512-o1\" method=\"post\" class=\"wpcf7-form init\" aria-label=\"Formulario de contacto\" novalidate=\"novalidate\" data-status=\"init\">\n<fieldset class=\"hidden-fields-container\"><input type=\"hidden\" name=\"_wpcf7\" value=\"3512\" \/><input type=\"hidden\" name=\"_wpcf7_version\" value=\"6.1.1\" \/><input type=\"hidden\" name=\"_wpcf7_locale\" value=\"es_ES\" \/><input type=\"hidden\" name=\"_wpcf7_unit_tag\" value=\"wpcf7-f3512-o1\" \/><input type=\"hidden\" name=\"_wpcf7_container_post\" value=\"0\" \/><input type=\"hidden\" name=\"_wpcf7_posted_data_hash\" value=\"\" \/>\n<\/fieldset>\n<p><label> Tu nombre<br \/>\n<span class=\"wpcf7-form-control-wrap\" data-name=\"your-name\"><input size=\"40\" maxlength=\"400\" class=\"wpcf7-form-control wpcf7-text wpcf7-validates-as-required\" aria-required=\"true\" aria-invalid=\"false\" value=\"\" type=\"text\" name=\"your-name\" \/><\/span> <\/label>\n<\/p>\n<p><label> Tu correo electr\u00f3nico<br \/>\n<span class=\"wpcf7-form-control-wrap\" data-name=\"your-email\"><input size=\"40\" maxlength=\"400\" class=\"wpcf7-form-control wpcf7-email wpcf7-validates-as-required wpcf7-text wpcf7-validates-as-email\" aria-required=\"true\" aria-invalid=\"false\" value=\"\" type=\"email\" name=\"your-email\" \/><\/span> <\/label>\n<\/p>\n<p><label> Asunto<br \/>\n<span class=\"wpcf7-form-control-wrap\" data-name=\"your-subject\"><input size=\"40\" maxlength=\"400\" class=\"wpcf7-form-control wpcf7-text wpcf7-validates-as-required\" aria-required=\"true\" aria-invalid=\"false\" value=\"\" type=\"text\" name=\"your-subject\" \/><\/span> <\/label>\n<\/p>\n<p><label> Tu mensaje<br \/>\n<span class=\"wpcf7-form-control-wrap\" data-name=\"your-message\"><textarea cols=\"40\" rows=\"10\" maxlength=\"2000\" class=\"wpcf7-form-control wpcf7-textarea\" aria-invalid=\"false\" name=\"your-message\"><\/textarea><\/span> <\/label>\n<\/p>\n<p><input class=\"wpcf7-form-control wpcf7-submit has-spinner\" type=\"submit\" value=\"Enviar\" \/>\n<\/p><div class=\"wpcf7-response-output\" aria-hidden=\"true\"><\/div>\n<\/form>\n<\/div>\n[\/vc_column][\/vc_row]<\/p>\n","protected":false},"excerpt":{"rendered":"<p>[vc_row][vc_column][vc_custom_heading text=&#8221;Suelos y Paredes Radiantes&#8221; font_container=&#8221;tag:h3|font_size:25|text_align:center|color:%23dd0000&#8243; use_theme_fonts=&#8221;yes&#8221;][vc_empty_space height=&#8221;30px&#8221;][vc_column_text] La placentera sensaci\u00f3n de bienestar, la temperatura constante y uniforme en los<\/p>\n","protected":false},"author":1,"featured_media":0,"parent":0,"menu_order":0,"comment_status":"closed","ping_status":"closed","template":"","meta":{"footnotes":""},"class_list":["post-3600","page","type-page","status-publish","hentry"],"_links":{"self":[{"href":"https:\/\/giacomini.ar\/bk\/wp-json\/wp\/v2\/pages\/3600","targetHints":{"allow":["GET"]}}],"collection":[{"href":"https:\/\/giacomini.ar\/bk\/wp-json\/wp\/v2\/pages"}],"about":[{"href":"https:\/\/giacomini.ar\/bk\/wp-json\/wp\/v2\/types\/page"}],"author":[{"embeddable":true,"href":"https:\/\/giacomini.ar\/bk\/wp-json\/wp\/v2\/users\/1"}],"replies":[{"embeddable":true,"href":"https:\/\/giacomini.ar\/bk\/wp-json\/wp\/v2\/comments?post=3600"}],"version-history":[{"count":0,"href":"https:\/\/giacomini.ar\/bk\/wp-json\/wp\/v2\/pages\/3600\/revisions"}],"wp:attachment":[{"href":"https:\/\/giacomini.ar\/bk\/wp-json\/wp\/v2\/media?parent=3600"}],"curies":[{"name":"wp","href":"https:\/\/api.w.org\/{rel}","templated":true}]}}